{"id":13000,"date":"2024-07-22T15:10:50","date_gmt":"2024-07-22T12:10:50","guid":{"rendered":"https:\/\/www.asimina-cbh.com\/pokoje\/"},"modified":"2026-03-19T16:22:49","modified_gmt":"2026-03-19T13:22:49","slug":"pokoje","status":"publish","type":"page","link":"https:\/\/www.asimina-cbh.com\/pl\/pokoje\/","title":{"rendered":"Apartamenty"},"content":{"rendered":"<p>Apartamenty oferuj\u0105 szereg udogodnie\u0144, w tym klimatyzacj\u0119 i centralne ogrzewanie, oddzieln\u0105 cz\u0119\u015b\u0107 dzienn\u0105 (w przypadku wi\u0119kszo\u015bci typ\u00f3w apartament\u00f3w), luksusowe marmurowe \u0142azienki, telewizor LCD z p\u0142askim ekranem i radiem, bezp\u0142atny sejf (na laptopa), szlafroki i kapcie, zestaw do parzenia kawy i herbaty oraz ekspres do kawy espresso, minibar, suszark\u0119 do w\u0142os\u00f3w, sprz\u0119t do prasowania i wiele innych udogodnie\u0144.<br \/>\nSpecjalne udogodnienia obejmuj\u0105 bezp\u0142atny szybki bezprzewodowy dost\u0119p do Internetu we wszystkich pokojach, pomieszczeniach og\u00f3lnodost\u0119pnych i ogrodach oraz bezp\u0142atny parking.<\/p>\n","protected":false},"excerpt":{"rendered":"<p>Apartamenty oferuj\u0105 szereg udogodnie\u0144, w tym klimatyzacj\u0119 i centralne ogrzewanie, oddzieln\u0105 cz\u0119\u015b\u0107 dzienn\u0105 (w przypadku wi\u0119kszo\u015bci typ\u00f3w apartament\u00f3w), luksusowe marmurowe \u0142azienki, telewizor LCD z p\u0142askim ekranem i radiem, bezp\u0142atny sejf (na laptopa), szlafroki i kapcie, zestaw do parzenia kawy i herbaty oraz ekspres do kawy espresso, minibar, suszark\u0119 do w\u0142os\u00f3w, sprz\u0119t do prasowania i wiele<\/p>\n","protected":false},"author":1,"featured_media":15351,"parent":0,"menu_order":0,"comment_status":"closed","ping_status":"closed","template":"page-templates\/rooms.php","meta":{"_acf_changed":false,"footnotes":""},"class_list":["post-13000","page","type-page","status-publish","has-post-thumbnail","hentry"],"acf":[],"yoast_head":"<!-- This site is optimized with the Yoast SEO plugin v27.5 - https:\/\/yoast.com\/product\/yoast-seo-wordpress\/ -->\n<title>Luksusowe zakwaterowanie Pafos, Cypr || Asimina Suites Hotel<\/title>\n<meta name=\"description\" content=\"W \u0391simina Suites by Constantinou Bros Hotels znajd\u0105 Pa\u0144stwo najlepszy wyb\u00f3r luksusowych apartament\u00f3w w Pafos na komfortowe i wystawne pobyty.\" \/>\n<meta name=\"robots\" content=\"index, follow, max-snippet:-1, max-image-preview:large, max-video-preview:-1\" \/>\n<link rel=\"canonical\" href=\"https:\/\/www.asimina-cbh.com\/pl\/pokoje\/\" \/>\n<meta property=\"og:locale\" content=\"pl_PL\" \/>\n<meta property=\"og:type\" content=\"article\" \/>\n<meta property=\"og:title\" content=\"Luksusowe zakwaterowanie Pafos, Cypr || Asimina Suites Hotel\" \/>\n<meta property=\"og:description\" content=\"W \u0391simina Suites by Constantinou Bros Hotels znajd\u0105 Pa\u0144stwo najlepszy wyb\u00f3r luksusowych apartament\u00f3w w Pafos na komfortowe i wystawne pobyty.\" \/>\n<meta property=\"og:url\" content=\"https:\/\/www.asimina-cbh.com\/pl\/pokoje\/\" \/>\n<meta property=\"og:site_name\" content=\"Asimina Suites Hotel\" \/>\n<meta property=\"article:modified_time\" content=\"2026-03-19T13:22:49+00:00\" \/>\n<meta property=\"og:image\" content=\"https:\/\/www.asimina-cbh.com\/app\/uploads\/sites\/31\/2025\/10\/1-ASIMINA-SUITES-HOTEL-POOL.jpg\" \/>\n\t<meta property=\"og:image:width\" content=\"2500\" \/>\n\t<meta property=\"og:image:height\" content=\"1663\" \/>\n\t<meta property=\"og:image:type\" content=\"image\/jpeg\" \/>\n<meta name=\"twitter:card\" content=\"summary_large_image\" \/>\n<meta name=\"twitter:label1\" content=\"Est. reading time\" \/>\n\t<meta name=\"twitter:data1\" content=\"1 minute\" \/>\n<script type=\"application\/ld+json\" class=\"yoast-schema-graph\">{\"@context\":\"https:\\\/\\\/schema.org\",\"@graph\":[{\"@type\":\"WebPage\",\"@id\":\"https:\\\/\\\/www.asimina-cbh.com\\\/pl\\\/pokoje\\\/\",\"url\":\"https:\\\/\\\/www.asimina-cbh.com\\\/pl\\\/pokoje\\\/\",\"name\":\"Luksusowe zakwaterowanie Pafos, Cypr || Asimina Suites Hotel\",\"isPartOf\":{\"@id\":\"https:\\\/\\\/www.asimina-cbh.com\\\/pl\\\/#website\"},\"primaryImageOfPage\":{\"@id\":\"https:\\\/\\\/www.asimina-cbh.com\\\/pl\\\/pokoje\\\/#primaryimage\"},\"image\":{\"@id\":\"https:\\\/\\\/www.asimina-cbh.com\\\/pl\\\/pokoje\\\/#primaryimage\"},\"thumbnailUrl\":\"https:\\\/\\\/www.asimina-cbh.com\\\/app\\\/uploads\\\/sites\\\/31\\\/2025\\\/10\\\/1-ASIMINA-SUITES-HOTEL-POOL.jpg\",\"datePublished\":\"2024-07-22T12:10:50+00:00\",\"dateModified\":\"2026-03-19T13:22:49+00:00\",\"description\":\"W \u0391simina Suites by Constantinou Bros Hotels znajd\u0105 Pa\u0144stwo najlepszy wyb\u00f3r luksusowych apartament\u00f3w w Pafos na komfortowe i wystawne pobyty.\",\"breadcrumb\":{\"@id\":\"https:\\\/\\\/www.asimina-cbh.com\\\/pl\\\/pokoje\\\/#breadcrumb\"},\"inLanguage\":\"pl-PL\",\"potentialAction\":[{\"@type\":\"ReadAction\",\"target\":[\"https:\\\/\\\/www.asimina-cbh.com\\\/pl\\\/pokoje\\\/\"]}]},{\"@type\":\"ImageObject\",\"inLanguage\":\"pl-PL\",\"@id\":\"https:\\\/\\\/www.asimina-cbh.com\\\/pl\\\/pokoje\\\/#primaryimage\",\"url\":\"https:\\\/\\\/www.asimina-cbh.com\\\/app\\\/uploads\\\/sites\\\/31\\\/2025\\\/10\\\/1-ASIMINA-SUITES-HOTEL-POOL.jpg\",\"contentUrl\":\"https:\\\/\\\/www.asimina-cbh.com\\\/app\\\/uploads\\\/sites\\\/31\\\/2025\\\/10\\\/1-ASIMINA-SUITES-HOTEL-POOL.jpg\",\"width\":2500,\"height\":1663,\"caption\":\"ASIMINA-SUITES-HOTEL-POOL\"},{\"@type\":\"BreadcrumbList\",\"@id\":\"https:\\\/\\\/www.asimina-cbh.com\\\/pl\\\/pokoje\\\/#breadcrumb\",\"itemListElement\":[{\"@type\":\"ListItem\",\"position\":1,\"name\":\"Home\",\"item\":\"https:\\\/\\\/www.asimina-cbh.com\\\/pl\\\/\"},{\"@type\":\"ListItem\",\"position\":2,\"name\":\"Apartamenty\"}]},{\"@type\":\"WebSite\",\"@id\":\"https:\\\/\\\/www.asimina-cbh.com\\\/pl\\\/#website\",\"url\":\"https:\\\/\\\/www.asimina-cbh.com\\\/pl\\\/\",\"name\":\"Asimina Suites Hotel\",\"description\":\"Constantinou Bros Asimina Suites Hotel, 4 star hotel in Paphos Cyprus\",\"potentialAction\":[{\"@type\":\"SearchAction\",\"target\":{\"@type\":\"EntryPoint\",\"urlTemplate\":\"https:\\\/\\\/www.asimina-cbh.com\\\/pl\\\/?s={search_term_string}\"},\"query-input\":{\"@type\":\"PropertyValueSpecification\",\"valueRequired\":true,\"valueName\":\"search_term_string\"}}],\"inLanguage\":\"pl-PL\"}]}<\/script>\n<!-- \/ Yoast SEO plugin. -->","yoast_head_json":{"title":"Luksusowe zakwaterowanie Pafos, Cypr || Asimina Suites Hotel","description":"W \u0391simina Suites by Constantinou Bros Hotels znajd\u0105 Pa\u0144stwo najlepszy wyb\u00f3r luksusowych apartament\u00f3w w Pafos na komfortowe i wystawne pobyty.","robots":{"index":"index","follow":"follow","max-snippet":"max-snippet:-1","max-image-preview":"max-image-preview:large","max-video-preview":"max-video-preview:-1"},"canonical":"https:\/\/www.asimina-cbh.com\/pl\/pokoje\/","og_locale":"pl_PL","og_type":"article","og_title":"Luksusowe zakwaterowanie Pafos, Cypr || Asimina Suites Hotel","og_description":"W \u0391simina Suites by Constantinou Bros Hotels znajd\u0105 Pa\u0144stwo najlepszy wyb\u00f3r luksusowych apartament\u00f3w w Pafos na komfortowe i wystawne pobyty.","og_url":"https:\/\/www.asimina-cbh.com\/pl\/pokoje\/","og_site_name":"Asimina Suites Hotel","article_modified_time":"2026-03-19T13:22:49+00:00","og_image":[{"width":2500,"height":1663,"url":"https:\/\/www.asimina-cbh.com\/app\/uploads\/sites\/31\/2025\/10\/1-ASIMINA-SUITES-HOTEL-POOL.jpg","type":"image\/jpeg"}],"twitter_card":"summary_large_image","twitter_misc":{"Est. reading time":"1 minute"},"schema":{"@context":"https:\/\/schema.org","@graph":[{"@type":"WebPage","@id":"https:\/\/www.asimina-cbh.com\/pl\/pokoje\/","url":"https:\/\/www.asimina-cbh.com\/pl\/pokoje\/","name":"Luksusowe zakwaterowanie Pafos, Cypr || Asimina Suites Hotel","isPartOf":{"@id":"https:\/\/www.asimina-cbh.com\/pl\/#website"},"primaryImageOfPage":{"@id":"https:\/\/www.asimina-cbh.com\/pl\/pokoje\/#primaryimage"},"image":{"@id":"https:\/\/www.asimina-cbh.com\/pl\/pokoje\/#primaryimage"},"thumbnailUrl":"https:\/\/www.asimina-cbh.com\/app\/uploads\/sites\/31\/2025\/10\/1-ASIMINA-SUITES-HOTEL-POOL.jpg","datePublished":"2024-07-22T12:10:50+00:00","dateModified":"2026-03-19T13:22:49+00:00","description":"W \u0391simina Suites by Constantinou Bros Hotels znajd\u0105 Pa\u0144stwo najlepszy wyb\u00f3r luksusowych apartament\u00f3w w Pafos na komfortowe i wystawne pobyty.","breadcrumb":{"@id":"https:\/\/www.asimina-cbh.com\/pl\/pokoje\/#breadcrumb"},"inLanguage":"pl-PL","potentialAction":[{"@type":"ReadAction","target":["https:\/\/www.asimina-cbh.com\/pl\/pokoje\/"]}]},{"@type":"ImageObject","inLanguage":"pl-PL","@id":"https:\/\/www.asimina-cbh.com\/pl\/pokoje\/#primaryimage","url":"https:\/\/www.asimina-cbh.com\/app\/uploads\/sites\/31\/2025\/10\/1-ASIMINA-SUITES-HOTEL-POOL.jpg","contentUrl":"https:\/\/www.asimina-cbh.com\/app\/uploads\/sites\/31\/2025\/10\/1-ASIMINA-SUITES-HOTEL-POOL.jpg","width":2500,"height":1663,"caption":"ASIMINA-SUITES-HOTEL-POOL"},{"@type":"BreadcrumbList","@id":"https:\/\/www.asimina-cbh.com\/pl\/pokoje\/#breadcrumb","itemListElement":[{"@type":"ListItem","position":1,"name":"Home","item":"https:\/\/www.asimina-cbh.com\/pl\/"},{"@type":"ListItem","position":2,"name":"Apartamenty"}]},{"@type":"WebSite","@id":"https:\/\/www.asimina-cbh.com\/pl\/#website","url":"https:\/\/www.asimina-cbh.com\/pl\/","name":"Asimina Suites Hotel","description":"Constantinou Bros Asimina Suites Hotel, 4 star hotel in Paphos Cyprus","potentialAction":[{"@type":"SearchAction","target":{"@type":"EntryPoint","urlTemplate":"https:\/\/www.asimina-cbh.com\/pl\/?s={search_term_string}"},"query-input":{"@type":"PropertyValueSpecification","valueRequired":true,"valueName":"search_term_string"}}],"inLanguage":"pl-PL"}]}},"_links":{"self":[{"href":"https:\/\/www.asimina-cbh.com\/pl\/wp-json\/wp\/v2\/pages\/13000","targetHints":{"allow":["GET"]}}],"collection":[{"href":"https:\/\/www.asimina-cbh.com\/pl\/wp-json\/wp\/v2\/pages"}],"about":[{"href":"https:\/\/www.asimina-cbh.com\/pl\/wp-json\/wp\/v2\/types\/page"}],"author":[{"embeddable":true,"href":"https:\/\/www.asimina-cbh.com\/pl\/wp-json\/wp\/v2\/users\/1"}],"replies":[{"embeddable":true,"href":"https:\/\/www.asimina-cbh.com\/pl\/wp-json\/wp\/v2\/comments?post=13000"}],"version-history":[{"count":2,"href":"https:\/\/www.asimina-cbh.com\/pl\/wp-json\/wp\/v2\/pages\/13000\/revisions"}],"predecessor-version":[{"id":16284,"href":"https:\/\/www.asimina-cbh.com\/pl\/wp-json\/wp\/v2\/pages\/13000\/revisions\/16284"}],"wp:featuredmedia":[{"embeddable":true,"href":"https:\/\/www.asimina-cbh.com\/pl\/wp-json\/wp\/v2\/media\/15351"}],"wp:attachment":[{"href":"https:\/\/www.asimina-cbh.com\/pl\/wp-json\/wp\/v2\/media?parent=13000"}],"curies":[{"name":"wp","href":"https:\/\/api.w.org\/{rel}","templated":true}]}}