{"id":13007,"date":"2024-07-22T15:10:53","date_gmt":"2024-07-22T12:10:53","guid":{"rendered":"https:\/\/www.asimina-cbh.com\/kontakt\/"},"modified":"2024-09-17T13:01:19","modified_gmt":"2024-09-17T10:01:19","slug":"kontakt","status":"publish","type":"page","link":"https:\/\/www.asimina-cbh.com\/pl\/kontakt\/","title":{"rendered":"Kontakt"},"content":{"rendered":"","protected":false},"excerpt":{"rendered":"","protected":false},"author":1,"featured_media":0,"parent":0,"menu_order":0,"comment_status":"closed","ping_status":"closed","template":"page-templates\/contact.php","meta":{"_acf_changed":false,"footnotes":""},"class_list":["post-13007","page","type-page","status-publish","hentry"],"acf":[],"yoast_head":"<!-- This site is optimized with the Yoast SEO plugin v27.4 - https:\/\/yoast.com\/product\/yoast-seo-wordpress\/ -->\n<title>Dane kontaktowe hotelu Asimina Suites || Hotel Asimina Suites<\/title>\n<meta name=\"description\" content=\"Prosimy skontaktowa\u0107 si\u0119 z nami w celu uzyskania szczeg\u00f3\u0142owych informacji przed pobytem, korzystaj\u0105c z danych kontaktowych Asimina Suites Hotel, kt\u00f3re znajd\u0105 Pa\u0144stwo tutaj.\" \/>\n<meta name=\"robots\" content=\"index, follow, max-snippet:-1, max-image-preview:large, max-video-preview:-1\" \/>\n<link rel=\"canonical\" href=\"https:\/\/www.asimina-cbh.com\/pl\/kontakt\/\" \/>\n<meta property=\"og:locale\" content=\"pl_PL\" \/>\n<meta property=\"og:type\" content=\"article\" \/>\n<meta property=\"og:title\" content=\"Dane kontaktowe hotelu Asimina Suites || Hotel Asimina Suites\" \/>\n<meta property=\"og:description\" content=\"Prosimy skontaktowa\u0107 si\u0119 z nami w celu uzyskania szczeg\u00f3\u0142owych informacji przed pobytem, korzystaj\u0105c z danych kontaktowych Asimina Suites Hotel, kt\u00f3re znajd\u0105 Pa\u0144stwo tutaj.\" \/>\n<meta property=\"og:url\" content=\"https:\/\/www.asimina-cbh.com\/pl\/kontakt\/\" \/>\n<meta property=\"og:site_name\" content=\"Asimina Suites Hotel\" \/>\n<meta property=\"article:modified_time\" content=\"2024-09-17T10:01:19+00:00\" \/>\n<meta name=\"twitter:card\" content=\"summary_large_image\" \/>\n<script type=\"application\/ld+json\" class=\"yoast-schema-graph\">{\"@context\":\"https:\\\/\\\/schema.org\",\"@graph\":[{\"@type\":\"WebPage\",\"@id\":\"https:\\\/\\\/www.asimina-cbh.com\\\/pl\\\/kontakt\\\/\",\"url\":\"https:\\\/\\\/www.asimina-cbh.com\\\/pl\\\/kontakt\\\/\",\"name\":\"Dane kontaktowe hotelu Asimina Suites || Hotel Asimina Suites\",\"isPartOf\":{\"@id\":\"https:\\\/\\\/www.asimina-cbh.com\\\/pl\\\/#website\"},\"datePublished\":\"2024-07-22T12:10:53+00:00\",\"dateModified\":\"2024-09-17T10:01:19+00:00\",\"description\":\"Prosimy skontaktowa\u0107 si\u0119 z nami w celu uzyskania szczeg\u00f3\u0142owych informacji przed pobytem, korzystaj\u0105c z danych kontaktowych Asimina Suites Hotel, kt\u00f3re znajd\u0105 Pa\u0144stwo tutaj.\",\"breadcrumb\":{\"@id\":\"https:\\\/\\\/www.asimina-cbh.com\\\/pl\\\/kontakt\\\/#breadcrumb\"},\"inLanguage\":\"pl-PL\",\"potentialAction\":[{\"@type\":\"ReadAction\",\"target\":[\"https:\\\/\\\/www.asimina-cbh.com\\\/pl\\\/kontakt\\\/\"]}]},{\"@type\":\"BreadcrumbList\",\"@id\":\"https:\\\/\\\/www.asimina-cbh.com\\\/pl\\\/kontakt\\\/#breadcrumb\",\"itemListElement\":[{\"@type\":\"ListItem\",\"position\":1,\"name\":\"Home\",\"item\":\"https:\\\/\\\/www.asimina-cbh.com\\\/pl\\\/\"},{\"@type\":\"ListItem\",\"position\":2,\"name\":\"Kontakt\"}]},{\"@type\":\"WebSite\",\"@id\":\"https:\\\/\\\/www.asimina-cbh.com\\\/pl\\\/#website\",\"url\":\"https:\\\/\\\/www.asimina-cbh.com\\\/pl\\\/\",\"name\":\"Asimina Suites Hotel\",\"description\":\"Constantinou Bros Asimina Suites Hotel, 4 star hotel in Paphos Cyprus\",\"potentialAction\":[{\"@type\":\"SearchAction\",\"target\":{\"@type\":\"EntryPoint\",\"urlTemplate\":\"https:\\\/\\\/www.asimina-cbh.com\\\/pl\\\/?s={search_term_string}\"},\"query-input\":{\"@type\":\"PropertyValueSpecification\",\"valueRequired\":true,\"valueName\":\"search_term_string\"}}],\"inLanguage\":\"pl-PL\"}]}<\/script>\n<!-- \/ Yoast SEO plugin. -->","yoast_head_json":{"title":"Dane kontaktowe hotelu Asimina Suites || Hotel Asimina Suites","description":"Prosimy skontaktowa\u0107 si\u0119 z nami w celu uzyskania szczeg\u00f3\u0142owych informacji przed pobytem, korzystaj\u0105c z danych kontaktowych Asimina Suites Hotel, kt\u00f3re znajd\u0105 Pa\u0144stwo tutaj.","robots":{"index":"index","follow":"follow","max-snippet":"max-snippet:-1","max-image-preview":"max-image-preview:large","max-video-preview":"max-video-preview:-1"},"canonical":"https:\/\/www.asimina-cbh.com\/pl\/kontakt\/","og_locale":"pl_PL","og_type":"article","og_title":"Dane kontaktowe hotelu Asimina Suites || Hotel Asimina Suites","og_description":"Prosimy skontaktowa\u0107 si\u0119 z nami w celu uzyskania szczeg\u00f3\u0142owych informacji przed pobytem, korzystaj\u0105c z danych kontaktowych Asimina Suites Hotel, kt\u00f3re znajd\u0105 Pa\u0144stwo tutaj.","og_url":"https:\/\/www.asimina-cbh.com\/pl\/kontakt\/","og_site_name":"Asimina Suites Hotel","article_modified_time":"2024-09-17T10:01:19+00:00","twitter_card":"summary_large_image","schema":{"@context":"https:\/\/schema.org","@graph":[{"@type":"WebPage","@id":"https:\/\/www.asimina-cbh.com\/pl\/kontakt\/","url":"https:\/\/www.asimina-cbh.com\/pl\/kontakt\/","name":"Dane kontaktowe hotelu Asimina Suites || Hotel Asimina Suites","isPartOf":{"@id":"https:\/\/www.asimina-cbh.com\/pl\/#website"},"datePublished":"2024-07-22T12:10:53+00:00","dateModified":"2024-09-17T10:01:19+00:00","description":"Prosimy skontaktowa\u0107 si\u0119 z nami w celu uzyskania szczeg\u00f3\u0142owych informacji przed pobytem, korzystaj\u0105c z danych kontaktowych Asimina Suites Hotel, kt\u00f3re znajd\u0105 Pa\u0144stwo tutaj.","breadcrumb":{"@id":"https:\/\/www.asimina-cbh.com\/pl\/kontakt\/#breadcrumb"},"inLanguage":"pl-PL","potentialAction":[{"@type":"ReadAction","target":["https:\/\/www.asimina-cbh.com\/pl\/kontakt\/"]}]},{"@type":"BreadcrumbList","@id":"https:\/\/www.asimina-cbh.com\/pl\/kontakt\/#breadcrumb","itemListElement":[{"@type":"ListItem","position":1,"name":"Home","item":"https:\/\/www.asimina-cbh.com\/pl\/"},{"@type":"ListItem","position":2,"name":"Kontakt"}]},{"@type":"WebSite","@id":"https:\/\/www.asimina-cbh.com\/pl\/#website","url":"https:\/\/www.asimina-cbh.com\/pl\/","name":"Asimina Suites Hotel","description":"Constantinou Bros Asimina Suites Hotel, 4 star hotel in Paphos Cyprus","potentialAction":[{"@type":"SearchAction","target":{"@type":"EntryPoint","urlTemplate":"https:\/\/www.asimina-cbh.com\/pl\/?s={search_term_string}"},"query-input":{"@type":"PropertyValueSpecification","valueRequired":true,"valueName":"search_term_string"}}],"inLanguage":"pl-PL"}]}},"_links":{"self":[{"href":"https:\/\/www.asimina-cbh.com\/pl\/wp-json\/wp\/v2\/pages\/13007","targetHints":{"allow":["GET"]}}],"collection":[{"href":"https:\/\/www.asimina-cbh.com\/pl\/wp-json\/wp\/v2\/pages"}],"about":[{"href":"https:\/\/www.asimina-cbh.com\/pl\/wp-json\/wp\/v2\/types\/page"}],"author":[{"embeddable":true,"href":"https:\/\/www.asimina-cbh.com\/pl\/wp-json\/wp\/v2\/users\/1"}],"replies":[{"embeddable":true,"href":"https:\/\/www.asimina-cbh.com\/pl\/wp-json\/wp\/v2\/comments?post=13007"}],"version-history":[{"count":1,"href":"https:\/\/www.asimina-cbh.com\/pl\/wp-json\/wp\/v2\/pages\/13007\/revisions"}],"predecessor-version":[{"id":14568,"href":"https:\/\/www.asimina-cbh.com\/pl\/wp-json\/wp\/v2\/pages\/13007\/revisions\/14568"}],"wp:attachment":[{"href":"https:\/\/www.asimina-cbh.com\/pl\/wp-json\/wp\/v2\/media?parent=13007"}],"curies":[{"name":"wp","href":"https:\/\/api.w.org\/{rel}","templated":true}]}}