{"id":13017,"date":"2024-07-22T15:11:00","date_gmt":"2024-07-22T12:11:00","guid":{"rendered":"https:\/\/www.asimina-cbh.com\/jadalnia\/restauracje\/"},"modified":"2026-04-06T15:23:45","modified_gmt":"2026-04-06T12:23:45","slug":"restauracje","status":"publish","type":"page","link":"https:\/\/www.asimina-cbh.com\/pl\/jadalnia\/restauracje\/","title":{"rendered":"Restauracje"},"content":{"rendered":"<h1 class=\"welcome-title big-size font-regular mt-5 text-center\">Odkryj restauracje w hotelu Asimina Suites, Pafos &#8211; Cypr<\/h1>\n<p>&nbsp;<\/p>\n<p><!--strong>Estia Restaurant\n<\/strong>Serving an enriched full buffet breakfast with show cooking. Refined gastronomy and theme night buffets also a choice from the Table d'H\u00f4te menu. Indoor and outdoor al fresco dining area. The whole restaurant indoors is non-smoking.\n\n<strong>A La Carte Restaurant\n<\/strong>Exquisite, a la carte dinner. The entire restaurant is non smoking. Reservations required.\n\n<strong>Pool Restaurant\n<\/strong>Elegant light meals and a la carte lunch. Outdoor Al Fresco Dining Area.\n\n<strong>Kymata Restaurant\n<\/strong>Elegant light a la carte meals for lunch. Mediterranean a la carte dinner. Reservations required.\n\n<strong>Romantic Dinner for two at the Pier (extra charge applies)\n<\/strong>Guests who prefer to dine in a more intimate setting can enjoy a romantic evening for two at the Pier, serving exquisite Mediterranean A la Carte Dinner in a cozy candlelight-filled atmosphere overlooking the Mediterranean Sea.\n\n<strong>*Dress Code<\/strong>\n\n\n<ul>\n \t\n\n<li>Guests are kindly requested to dress appropriately in all restaurants and bars in the evenings (shorts, sleeveless t-shirts, swimwear and flip flops are not permitted).<\/li>\n\n\n \t\n\n<li>Gentlemen are kindly requested to wear long trousers in the A La Carte restaurant in the evenings.<\/li>\n\n\n \t\n\n<li>Casual clothing is acceptable in all public areas. Nevertheless, topless, wet clothes or swimsuits are not allowed in any of the indoor public areas especially the lobby, bars or restaurants.<\/li>\n\n\n<\/ul-->\n","protected":false},"excerpt":{"rendered":"<p>Odkryj restauracje w hotelu Asimina Suites, Pafos &#8211; Cypr &nbsp;<\/p>\n","protected":false},"author":1,"featured_media":13996,"parent":12978,"menu_order":0,"comment_status":"closed","ping_status":"closed","template":"","meta":{"_acf_changed":false,"footnotes":""},"class_list":["post-13017","page","type-page","status-publish","has-post-thumbnail","hentry"],"acf":[],"yoast_head":"<!-- This site is optimized with the Yoast SEO plugin v27.4 - https:\/\/yoast.com\/product\/yoast-seo-wordpress\/ -->\n<title>Restauracje w Pafos nad morzem - posi\u0142ki w hotelu Asimina Suites<\/title>\n<meta name=\"description\" content=\"Zapraszamy do restauracji Asimina Suites Paphos, kt\u00f3re \u0142\u0105cz\u0105 w sobie najbardziej kusz\u0105ce smaki z inspiruj\u0105cymi widokami na morze.\" \/>\n<meta name=\"robots\" content=\"index, follow, max-snippet:-1, max-image-preview:large, max-video-preview:-1\" \/>\n<link rel=\"canonical\" href=\"https:\/\/www.asimina-cbh.com\/pl\/jadalnia\/restauracje\/\" \/>\n<meta property=\"og:locale\" content=\"pl_PL\" \/>\n<meta property=\"og:type\" content=\"article\" \/>\n<meta property=\"og:title\" content=\"Restauracje w Pafos nad morzem - posi\u0142ki w hotelu Asimina Suites\" \/>\n<meta property=\"og:description\" content=\"Zapraszamy do restauracji Asimina Suites Paphos, kt\u00f3re \u0142\u0105cz\u0105 w sobie najbardziej kusz\u0105ce smaki z inspiruj\u0105cymi widokami na morze.\" \/>\n<meta property=\"og:url\" content=\"https:\/\/www.asimina-cbh.com\/pl\/jadalnia\/restauracje\/\" \/>\n<meta property=\"og:site_name\" content=\"Asimina Suites Hotel\" \/>\n<meta property=\"article:modified_time\" content=\"2026-04-06T12:23:45+00:00\" \/>\n<meta property=\"og:image\" content=\"https:\/\/www.asimina-cbh.com\/app\/uploads\/sites\/31\/2020\/09\/40-ASIMINA-SUITES-HOTEL-KYMATA-RESTAURANT.jpg\" \/>\n\t<meta property=\"og:image:width\" content=\"1200\" \/>\n\t<meta property=\"og:image:height\" content=\"798\" \/>\n\t<meta property=\"og:image:type\" content=\"image\/jpeg\" \/>\n<meta name=\"twitter:card\" content=\"summary_large_image\" \/>\n<meta name=\"twitter:label1\" content=\"Est. reading time\" \/>\n\t<meta name=\"twitter:data1\" content=\"1 minute\" \/>\n<script type=\"application\/ld+json\" class=\"yoast-schema-graph\">{\"@context\":\"https:\\\/\\\/schema.org\",\"@graph\":[{\"@type\":\"WebPage\",\"@id\":\"https:\\\/\\\/www.asimina-cbh.com\\\/pl\\\/jadalnia\\\/restauracje\\\/\",\"url\":\"https:\\\/\\\/www.asimina-cbh.com\\\/pl\\\/jadalnia\\\/restauracje\\\/\",\"name\":\"Restauracje w Pafos nad morzem - posi\u0142ki w hotelu Asimina Suites\",\"isPartOf\":{\"@id\":\"https:\\\/\\\/www.asimina-cbh.com\\\/pl\\\/#website\"},\"primaryImageOfPage\":{\"@id\":\"https:\\\/\\\/www.asimina-cbh.com\\\/pl\\\/jadalnia\\\/restauracje\\\/#primaryimage\"},\"image\":{\"@id\":\"https:\\\/\\\/www.asimina-cbh.com\\\/pl\\\/jadalnia\\\/restauracje\\\/#primaryimage\"},\"thumbnailUrl\":\"https:\\\/\\\/www.asimina-cbh.com\\\/app\\\/uploads\\\/sites\\\/31\\\/2020\\\/09\\\/40-ASIMINA-SUITES-HOTEL-KYMATA-RESTAURANT.jpg\",\"datePublished\":\"2024-07-22T12:11:00+00:00\",\"dateModified\":\"2026-04-06T12:23:45+00:00\",\"description\":\"Zapraszamy do restauracji Asimina Suites Paphos, kt\u00f3re \u0142\u0105cz\u0105 w sobie najbardziej kusz\u0105ce smaki z inspiruj\u0105cymi widokami na morze.\",\"breadcrumb\":{\"@id\":\"https:\\\/\\\/www.asimina-cbh.com\\\/pl\\\/jadalnia\\\/restauracje\\\/#breadcrumb\"},\"inLanguage\":\"pl-PL\",\"potentialAction\":[{\"@type\":\"ReadAction\",\"target\":[\"https:\\\/\\\/www.asimina-cbh.com\\\/pl\\\/jadalnia\\\/restauracje\\\/\"]}]},{\"@type\":\"ImageObject\",\"inLanguage\":\"pl-PL\",\"@id\":\"https:\\\/\\\/www.asimina-cbh.com\\\/pl\\\/jadalnia\\\/restauracje\\\/#primaryimage\",\"url\":\"https:\\\/\\\/www.asimina-cbh.com\\\/app\\\/uploads\\\/sites\\\/31\\\/2020\\\/09\\\/40-ASIMINA-SUITES-HOTEL-KYMATA-RESTAURANT.jpg\",\"contentUrl\":\"https:\\\/\\\/www.asimina-cbh.com\\\/app\\\/uploads\\\/sites\\\/31\\\/2020\\\/09\\\/40-ASIMINA-SUITES-HOTEL-KYMATA-RESTAURANT.jpg\",\"width\":1200,\"height\":798},{\"@type\":\"BreadcrumbList\",\"@id\":\"https:\\\/\\\/www.asimina-cbh.com\\\/pl\\\/jadalnia\\\/restauracje\\\/#breadcrumb\",\"itemListElement\":[{\"@type\":\"ListItem\",\"position\":1,\"name\":\"Home\",\"item\":\"https:\\\/\\\/www.asimina-cbh.com\\\/pl\\\/\"},{\"@type\":\"ListItem\",\"position\":2,\"name\":\"Jadalnia\",\"item\":\"https:\\\/\\\/www.asimina-cbh.com\\\/pl\\\/jadalnia\\\/\"},{\"@type\":\"ListItem\",\"position\":3,\"name\":\"Restauracje\"}]},{\"@type\":\"WebSite\",\"@id\":\"https:\\\/\\\/www.asimina-cbh.com\\\/pl\\\/#website\",\"url\":\"https:\\\/\\\/www.asimina-cbh.com\\\/pl\\\/\",\"name\":\"Asimina Suites Hotel\",\"description\":\"Constantinou Bros Asimina Suites Hotel, 4 star hotel in Paphos Cyprus\",\"potentialAction\":[{\"@type\":\"SearchAction\",\"target\":{\"@type\":\"EntryPoint\",\"urlTemplate\":\"https:\\\/\\\/www.asimina-cbh.com\\\/pl\\\/?s={search_term_string}\"},\"query-input\":{\"@type\":\"PropertyValueSpecification\",\"valueRequired\":true,\"valueName\":\"search_term_string\"}}],\"inLanguage\":\"pl-PL\"}]}<\/script>\n<!-- \/ Yoast SEO plugin. -->","yoast_head_json":{"title":"Restauracje w Pafos nad morzem - posi\u0142ki w hotelu Asimina Suites","description":"Zapraszamy do restauracji Asimina Suites Paphos, kt\u00f3re \u0142\u0105cz\u0105 w sobie najbardziej kusz\u0105ce smaki z inspiruj\u0105cymi widokami na morze.","robots":{"index":"index","follow":"follow","max-snippet":"max-snippet:-1","max-image-preview":"max-image-preview:large","max-video-preview":"max-video-preview:-1"},"canonical":"https:\/\/www.asimina-cbh.com\/pl\/jadalnia\/restauracje\/","og_locale":"pl_PL","og_type":"article","og_title":"Restauracje w Pafos nad morzem - posi\u0142ki w hotelu Asimina Suites","og_description":"Zapraszamy do restauracji Asimina Suites Paphos, kt\u00f3re \u0142\u0105cz\u0105 w sobie najbardziej kusz\u0105ce smaki z inspiruj\u0105cymi widokami na morze.","og_url":"https:\/\/www.asimina-cbh.com\/pl\/jadalnia\/restauracje\/","og_site_name":"Asimina Suites Hotel","article_modified_time":"2026-04-06T12:23:45+00:00","og_image":[{"width":1200,"height":798,"url":"https:\/\/www.asimina-cbh.com\/app\/uploads\/sites\/31\/2020\/09\/40-ASIMINA-SUITES-HOTEL-KYMATA-RESTAURANT.jpg","type":"image\/jpeg"}],"twitter_card":"summary_large_image","twitter_misc":{"Est. reading time":"1 minute"},"schema":{"@context":"https:\/\/schema.org","@graph":[{"@type":"WebPage","@id":"https:\/\/www.asimina-cbh.com\/pl\/jadalnia\/restauracje\/","url":"https:\/\/www.asimina-cbh.com\/pl\/jadalnia\/restauracje\/","name":"Restauracje w Pafos nad morzem - posi\u0142ki w hotelu Asimina Suites","isPartOf":{"@id":"https:\/\/www.asimina-cbh.com\/pl\/#website"},"primaryImageOfPage":{"@id":"https:\/\/www.asimina-cbh.com\/pl\/jadalnia\/restauracje\/#primaryimage"},"image":{"@id":"https:\/\/www.asimina-cbh.com\/pl\/jadalnia\/restauracje\/#primaryimage"},"thumbnailUrl":"https:\/\/www.asimina-cbh.com\/app\/uploads\/sites\/31\/2020\/09\/40-ASIMINA-SUITES-HOTEL-KYMATA-RESTAURANT.jpg","datePublished":"2024-07-22T12:11:00+00:00","dateModified":"2026-04-06T12:23:45+00:00","description":"Zapraszamy do restauracji Asimina Suites Paphos, kt\u00f3re \u0142\u0105cz\u0105 w sobie najbardziej kusz\u0105ce smaki z inspiruj\u0105cymi widokami na morze.","breadcrumb":{"@id":"https:\/\/www.asimina-cbh.com\/pl\/jadalnia\/restauracje\/#breadcrumb"},"inLanguage":"pl-PL","potentialAction":[{"@type":"ReadAction","target":["https:\/\/www.asimina-cbh.com\/pl\/jadalnia\/restauracje\/"]}]},{"@type":"ImageObject","inLanguage":"pl-PL","@id":"https:\/\/www.asimina-cbh.com\/pl\/jadalnia\/restauracje\/#primaryimage","url":"https:\/\/www.asimina-cbh.com\/app\/uploads\/sites\/31\/2020\/09\/40-ASIMINA-SUITES-HOTEL-KYMATA-RESTAURANT.jpg","contentUrl":"https:\/\/www.asimina-cbh.com\/app\/uploads\/sites\/31\/2020\/09\/40-ASIMINA-SUITES-HOTEL-KYMATA-RESTAURANT.jpg","width":1200,"height":798},{"@type":"BreadcrumbList","@id":"https:\/\/www.asimina-cbh.com\/pl\/jadalnia\/restauracje\/#breadcrumb","itemListElement":[{"@type":"ListItem","position":1,"name":"Home","item":"https:\/\/www.asimina-cbh.com\/pl\/"},{"@type":"ListItem","position":2,"name":"Jadalnia","item":"https:\/\/www.asimina-cbh.com\/pl\/jadalnia\/"},{"@type":"ListItem","position":3,"name":"Restauracje"}]},{"@type":"WebSite","@id":"https:\/\/www.asimina-cbh.com\/pl\/#website","url":"https:\/\/www.asimina-cbh.com\/pl\/","name":"Asimina Suites Hotel","description":"Constantinou Bros Asimina Suites Hotel, 4 star hotel in Paphos Cyprus","potentialAction":[{"@type":"SearchAction","target":{"@type":"EntryPoint","urlTemplate":"https:\/\/www.asimina-cbh.com\/pl\/?s={search_term_string}"},"query-input":{"@type":"PropertyValueSpecification","valueRequired":true,"valueName":"search_term_string"}}],"inLanguage":"pl-PL"}]}},"_links":{"self":[{"href":"https:\/\/www.asimina-cbh.com\/pl\/wp-json\/wp\/v2\/pages\/13017","targetHints":{"allow":["GET"]}}],"collection":[{"href":"https:\/\/www.asimina-cbh.com\/pl\/wp-json\/wp\/v2\/pages"}],"about":[{"href":"https:\/\/www.asimina-cbh.com\/pl\/wp-json\/wp\/v2\/types\/page"}],"author":[{"embeddable":true,"href":"https:\/\/www.asimina-cbh.com\/pl\/wp-json\/wp\/v2\/users\/1"}],"replies":[{"embeddable":true,"href":"https:\/\/www.asimina-cbh.com\/pl\/wp-json\/wp\/v2\/comments?post=13017"}],"version-history":[{"count":3,"href":"https:\/\/www.asimina-cbh.com\/pl\/wp-json\/wp\/v2\/pages\/13017\/revisions"}],"predecessor-version":[{"id":16343,"href":"https:\/\/www.asimina-cbh.com\/pl\/wp-json\/wp\/v2\/pages\/13017\/revisions\/16343"}],"up":[{"embeddable":true,"href":"https:\/\/www.asimina-cbh.com\/pl\/wp-json\/wp\/v2\/pages\/12978"}],"wp:featuredmedia":[{"embeddable":true,"href":"https:\/\/www.asimina-cbh.com\/pl\/wp-json\/wp\/v2\/media\/13996"}],"wp:attachment":[{"href":"https:\/\/www.asimina-cbh.com\/pl\/wp-json\/wp\/v2\/media?parent=13017"}],"curies":[{"name":"wp","href":"https:\/\/api.w.org\/{rel}","templated":true}]}}